{"id":747,"date":"2017-06-25T19:01:28","date_gmt":"2017-06-25T19:01:28","guid":{"rendered":"http:\/\/arge-as.com\/?page_id=747"},"modified":"2020-10-02T09:39:11","modified_gmt":"2020-10-02T09:39:11","slug":"unsere-philosophie","status":"publish","type":"page","link":"https:\/\/cafedamals.de\/?page_id=747","title":{"rendered":"Unsere Philosophie"},"content":{"rendered":"<div  class=\"one withsmallpadding ppb_header \" style=\"text-align:left;padding:30px 0 30px 0;\" >\n<div class=\"standard_wrapper\">\n<div class=\"page_content_wrapper\">\n<div class=\"inner\">\n<div style=\"margin:auto;width:100%\">\n<h2 class=\"ppb_title\" style=\"\"><span class=\"ppb_title_first\" >Unsere<\/span>Philosophie<\/h2>\n<div class=\"page_header_sep left\"><\/div>\n<\/div>\n<\/div>\n<\/div>\n<\/div>\n<\/div>\n<div  class=\"one withsmallpadding ppb_text\" style=\"padding:30px 0 30px 0;\" >\n<div class=\"standard_wrapper\">\n<div class=\"page_content_wrapper\">\n<div class=\"inner\">\n<div style=\"margin:auto;width:100%\">\n<p style=\"text-align: center;\">\u00a0In den letzten Jahren fiel uns zunehmend auf, dass beim t\u00e4glichen Kaffeetrinken das Ambiente und die Atmosph\u00e4re keine gro\u00dfe Rolle mehr spielen. Die Gewohnheit des Kaffeetrinkens wurde durch das moderne \u2018To go\u2019 ersetzt. Sich Zeit nehmen und Gem\u00fctlichkeit werden durch die Hektik des Alltags v\u00f6llig vergessen. In unserem Caf\u00e9 versuchen wir an die alte sch\u00f6ne Zeit anzukn\u00fcpfen. Durch unsere Antiquit\u00e4ten verleihen wir der Atmosph\u00e4re einen nostalgischen Flair..<\/p>\n<p style=\"text-align: center;\"><strong>Lassen sie sich von der Harmonie verzaubern.<\/strong><\/p>\n<p style=\"text-align: center;\">Ob jung oder alt, alleine , zu zweit oder mit der ganzen Familie bei uns sind Sie herzlich willkommen. Auch an Allergiker haben wir gedacht, wir bieten <em>Gluten- und Laktosefreie<\/em> Fr\u00fchst\u00fcksvariationen, Mittagstisch sowie Kuchen an.<\/p>\n<\/div>\n<\/div>\n<\/div>\n<\/div>\n<\/div>\n<div class=\"standard_wrapper\">\n<div  class=\"one_third withsmallpadding ppb_text\" style=\"padding:30px 0 30px 0;\" >\n<div class=\"standard_wrapper\">\n<div class=\"page_content_wrapper\">\n<div class=\"inner\">\n<div style=\"margin:auto;width:100%\">\n<p style=\"text-align: center;\"><strong>UNSERE PRODUKTE<\/strong><br \/>\nNachhaltigkeit wird bei uns gro\u00df geschrieben. Bei der Auswahl unserer Produkte achten wir auf Regionalit\u00e4t und Saisonalit\u00e4t. Nat\u00fcrlich gibt es auch Produkte die wir leider nicht aus der Region beziehen k\u00f6nnen. Bei diesen Exoten achten wir auf Fairness. Probieren Sie unsere frisch gepressten S\u00e4fte und Smoothies aus.<\/p>\n<\/div>\n<\/div>\n<\/div>\n<\/div>\n<\/div>\n<\/div>\n<div class=\"standard_wrapper\">\n<div  class=\"one_third withsmallpadding ppb_text\" style=\"padding:30px 0 30px 0;\" >\n<div class=\"standard_wrapper\">\n<div class=\"page_content_wrapper\">\n<div class=\"inner\">\n<div style=\"margin:auto;width:100%\">\n<p style=\"text-align: center;\"><strong>UNSERE LIEFERANTEN<\/strong><br \/>\nDas Konzept unserer Lieferanten gleicht dem unseren. Unser Hauptlieferant f\u00fcr Kuchen <a href=\"https:\/\/www.tortenschneiderei.de\/\" target=\"_blank\" rel=\"noopener noreferrer\">\u2018Shokofeh\u00b4s Tortenschneiderei\u2018<\/a> verwendet haupts\u00e4chlich Dinkelmehl aus der Region und ausschlie\u00dflich Butter zum backen.\u00a0 Unsere Eier, Kartoffeln und Zwiebeln kommen vom lokalen Lieferanten <a href=\"https:\/\/www.alfredandfriends.de\/\" target=\"_blank\" rel=\"noopener noreferrer\">Alfred and Friends.<\/a><\/p>\n<\/div>\n<\/div>\n<\/div>\n<\/div>\n<\/div>\n<\/div>\n<div class=\"standard_wrapper\">\n<div  class=\"one_third last withsmallpadding ppb_text\" style=\"padding:30px 0 30px 0;\" >\n<div class=\"standard_wrapper\">\n<div class=\"page_content_wrapper\">\n<div class=\"inner\">\n<div style=\"margin:auto;width:100%\">\n<p style=\"text-align: center;\"><strong>UNSER TEE ZUM VERLIEBEN<\/strong><br \/>\nTee ist das beliebteste Getr\u00e4nk der Welt. Wir haben f\u00fcr unsere G\u00e4ste etwas ganz Besonderes gefunden. Unser BIO Tee von BIOTEAQUE stammt aus 100% kontrolliertem Anbau. Bl\u00e4tter, Bl\u00fcten und Kr\u00e4uter werden in den Mischungen im Ganzen belassen. Kosten Sie selbst.<\/p>\n<\/div>\n<\/div>\n<\/div>\n<\/div>\n<\/div>\n<\/div>\n<div  class=\"one withsmallpadding ppb_text\" style=\"padding:30px 0 30px 0;\" >\n<div class=\"standard_wrapper\">\n<div class=\"page_content_wrapper\">\n<div class=\"inner\">\n<div style=\"margin:auto;width:100%\">\n<p style=\"text-align: center;\">Sollte mal keine Zeit zum Verweilen sein, k\u00f6nnen Sie unsere Leckereien auch einfach mitnehmen. In ruhiger Atmosph\u00e4re arbeiten? Auch das ist bei Caf\u00e9 damals m\u00f6glich! Fragen Sie einfach bei unserem freundlichen Personal nach dem W-LAN Passwort. Ob auf ein Kaffee, zum Fr\u00fchst\u00fcck, zum Mittagstisch, oder zu einem St\u00fcck Kuchen:<\/p>\n<h4 style=\"text-align: center;\">WIR FREUEN UNS AUF SIE!<\/h4>\n<p style=\"text-align: center;\">Falls Sie mit mehr als vier Personen unser Caf\u00e9 besuchen wollen bitten wir Sie um eine Reservierung<\/p>\n<p style=\"text-align: center;\"><a class=\"button small \" style=\"background-color:#97a2a2 !important;color:#ffffff !important;border:1px solid #97a2a2 !important;\" onclick=\"window.open('http:\/\/cafedamals.de\/?page_id=76', '_self')\">RESERVIEREN<\/a><\/p>\n<h5><\/h5>\n<\/div>\n<\/div>\n<\/div>\n<\/div>\n<\/div>\n<div  class=\"one withsmallpadding ppb_text\" style=\"padding:30px 0 30px 0;\" >\n<div class=\"standard_wrapper\">\n<div class=\"page_content_wrapper\">\n<div class=\"inner\">\n<div style=\"margin:auto;width:100%\">\n<p style=\"text-align: center;\">Sollte mal keine Zeit zum Verweilen sein, k\u00f6nnen Sie unsere Leckereien auch einfach mitnehmen. In ruhiger Atmosph\u00e4re arbeiten? Auch das ist bei Caf\u00e9 damals m\u00f6glich! Fragen Sie einfach bei unserem freundlichen Personal nach dem W-LAN Passwort. Ob auf ein Kaffee, zum Fr\u00fchst\u00fcck, zum Mittagstisch, oder zu einem St\u00fcck Kuchen:<\/p>\n<h4 style=\"text-align: center;\">WIR FREUEN UNS AUF SIE!<\/h4>\n<p style=\"text-align: center;\">Falls Sie mit mehr als vier Personen unser Caf\u00e9 besuchen wollen bitten wir Sie um eine Reservierung<\/p>\n<p style=\"text-align: center;\"><a class=\"button small \" style=\"background-color:#97a2a2 !important;color:#ffffff !important;border:1px solid #97a2a2 !important;\" onclick=\"window.open('http:\/\/cafedamals.de\/?page_id=76', '_self')\">RESERVIEREN<\/a><\/p>\n<h5><\/h5>\n<\/div>\n<\/div>\n<\/div>\n<\/div>\n<\/div>\n","protected":false},"excerpt":{"rendered":"<p>UnserePhilosophie \u00a0In den letzten Jahren fiel uns zunehmend auf, dass beim t\u00e4glichen Kaffeetrinken das Ambiente und die Atmosph\u00e4re keine gro\u00dfe Rolle mehr spielen. Die Gewohnheit des Kaffeetrinkens wurde durch das moderne \u2018To go\u2019 ersetzt. Sich Zeit nehmen und Gem\u00fctlichkeit werden [&hellip;]<\/p>\n","protected":false},"author":1,"featured_media":0,"parent":0,"menu_order":0,"comment_status":"closed","ping_status":"closed","template":"","meta":{"footnotes":""},"class_list":["post-747","page","type-page","status-publish","hentry"],"_links":{"self":[{"href":"https:\/\/cafedamals.de\/index.php?rest_route=\/wp\/v2\/pages\/747"}],"collection":[{"href":"https:\/\/cafedamals.de\/index.php?rest_route=\/wp\/v2\/pages"}],"about":[{"href":"https:\/\/cafedamals.de\/index.php?rest_route=\/wp\/v2\/types\/page"}],"author":[{"embeddable":true,"href":"https:\/\/cafedamals.de\/index.php?rest_route=\/wp\/v2\/users\/1"}],"replies":[{"embeddable":true,"href":"https:\/\/cafedamals.de\/index.php?rest_route=%2Fwp%2Fv2%2Fcomments&post=747"}],"version-history":[{"count":51,"href":"https:\/\/cafedamals.de\/index.php?rest_route=\/wp\/v2\/pages\/747\/revisions"}],"predecessor-version":[{"id":5724,"href":"https:\/\/cafedamals.de\/index.php?rest_route=\/wp\/v2\/pages\/747\/revisions\/5724"}],"wp:attachment":[{"href":"https:\/\/cafedamals.de\/index.php?rest_route=%2Fwp%2Fv2%2Fmedia&parent=747"}],"curies":[{"name":"wp","href":"https:\/\/api.w.org\/{rel}","templated":true}]}}