{"id":5658,"date":"2020-10-02T08:24:22","date_gmt":"2020-10-02T08:24:22","guid":{"rendered":"http:\/\/cafedamals.de\/?page_id=5658"},"modified":"2020-10-02T10:40:17","modified_gmt":"2020-10-02T10:40:17","slug":"5658-2","status":"publish","type":"page","link":"https:\/\/cafedamals.de\/?page_id=5658","title":{"rendered":"Unsere Partner"},"content":{"rendered":"<div  class=\"one withsmallpadding ppb_header \" style=\"text-align:left;padding:30px 0 30px 0;\" >\n<div class=\"standard_wrapper\">\n<div class=\"page_content_wrapper\">\n<div class=\"inner\">\n<div style=\"margin:auto;width:100%\">\n<h2 class=\"ppb_title\" style=\"\"><span class=\"ppb_title_first\" >Unsere<\/span>Partner<\/h2>\n<div class=\"page_header_sep left\"><\/div>\n<\/div>\n<\/div>\n<\/div>\n<\/div>\n<\/div>\n<div  class=\"one withsmallpadding ppb_header \" style=\"text-align:left;padding:30px 0 30px 0;\" >\n<div class=\"standard_wrapper\">\n<div class=\"page_content_wrapper\">\n<div class=\"inner\">\n<div style=\"margin:auto;width:100%\">\n<h2 class=\"ppb_title\" style=\"\"><span class=\"ppb_title_first\" >Unsere<\/span>Partner<\/h2>\n<div class=\"page_header_sep left\"><\/div>\n<\/div>\n<\/div>\n<\/div>\n<\/div>\n<\/div>\n<div  class=\"one\" style=\"padding:0px 0 0px 0;\" >\n<div class=\"standard_wrapper\">\n<div class=\"page_content_wrapper\">\n<div class=\"inner\">\n<div class=\"one_half content_middle animate textright\">\n<blockquote>\n<p style=\"text-align: left;\">Schon mal beim Essen einen Baum gepflanzt?<\/p>\n<\/blockquote>\n<p style=\"text-align: left;\">Food for Future &#038; Caf\u00e9 damals machen es m\u00f6glich<br \/>\nSo einfach geht das:<br \/>\nBestelle dir einfach unser Oma Gertrud`s M\u00fcsli und schon hast du einen Baum gepflanzt. Sag deiner Familie, deinen Freunden und deinen Bekannten Bescheid und schick sie hierher. Teile Bilder von deinem Besuch auf den sozialen Netzwerken.<\/p>\n<p style=\"text-align: left;\"><em>Schlussendlich haben wir alle nur einen Planeten. Und der ist es Wert, dass wir uns f\u00fcr ihn einsetzen.<\/em><\/p>\n<p style=\"text-align: left;\"><strong>Food for Future<\/strong><br \/>\nClick A Tree`s \u201eFood for Future\u201c verkn\u00fcpft B\u00e4ume pflanzen mit einer allt\u00e4glichen Gewohnheit: Dem Essen. So wird Nachhaltigkeit zum Genuss. B\u00e4ume bek\u00e4mpfen aktiv den Klimawandel, schaffen Lebensraum f\u00fcr bedrohte Tierarten sowie Arbeitspl\u00e4tze und Vollzeiteinkommen f\u00fcr lokale Kommunen.<br \/>\nDrei gute Taten-da schmeckt das M\u00fcsli gleich noch viel besser.<br \/>\n<strong>Bestell dir jetzt dein Food for Future und hilf mit, unsere Welt zu einem besseren Ort zu machen.<\/strong><\/p>\n<\/div>\n<div class=\"one_half last\"><\/div>\n<p><br class=\"clear\"\/><\/div>\n<\/div>\n<\/div>\n<\/div>\n<div  class=\"one\" style=\"padding:0px 0 0px 0;\" >\n<div class=\"standard_wrapper\">\n<div class=\"page_content_wrapper\">\n<div class=\"inner\">\n<div class=\"one_half content_middle animate textright\">\n<blockquote>\n<p style=\"text-align: left;\">Schon mal beim Essen einen Baum gepflanzt?<\/p>\n<\/blockquote>\n<p style=\"text-align: left;\">Food for Future &#038; Caf\u00e9 damals machen es m\u00f6glich<br \/>\nSo einfach geht das:<br \/>\nBestelle dir einfach unser Oma Gertrud`s M\u00fcsli und schon hast du einen Baum gepflanzt. Sag deiner Familie, deinen Freunden und deinen Bekannten Bescheid und schick sie hierher. Teile Bilder von deinem Besuch auf den sozialen Netzwerken.<\/p>\n<p style=\"text-align: left;\"><em>Schlussendlich haben wir alle nur einen Planeten. Und der ist es Wert, dass wir uns f\u00fcr ihn einsetzen.<\/em><\/p>\n<p style=\"text-align: left;\"><strong>Food for Future<\/strong><br \/>\nClick A Tree`s \u201eFood for Future\u201c verkn\u00fcpft B\u00e4ume pflanzen mit einer allt\u00e4glichen Gewohnheit: Dem Essen. So wird Nachhaltigkeit zum Genuss. B\u00e4ume bek\u00e4mpfen aktiv den Klimawandel, schaffen Lebensraum f\u00fcr bedrohte Tierarten sowie Arbeitspl\u00e4tze und Vollzeiteinkommen f\u00fcr lokale Kommunen.<br \/>\nDrei gute Taten-da schmeckt das M\u00fcsli gleich noch viel besser.<br \/>\n<strong>Bestell dir jetzt dein Food for Future und hilf mit, unsere Welt zu einem besseren Ort zu machen.<\/strong><\/p>\n<\/div>\n<div class=\"one_half last\"><\/div>\n<p><br class=\"clear\"\/><\/div>\n<\/div>\n<\/div>\n<\/div>\n","protected":false},"excerpt":{"rendered":"<p>UnserePartner UnserePartner Schon mal beim Essen einen Baum gepflanzt? Food for Future &#038; Caf\u00e9 damals machen es m\u00f6glich So einfach geht das: Bestelle dir einfach unser Oma Gertrud`s M\u00fcsli und schon hast du einen Baum gepflanzt. Sag deiner Familie, deinen [&hellip;]<\/p>\n","protected":false},"author":1,"featured_media":0,"parent":28,"menu_order":0,"comment_status":"closed","ping_status":"closed","template":"","meta":{"footnotes":""},"class_list":["post-5658","page","type-page","status-publish","hentry"],"_links":{"self":[{"href":"https:\/\/cafedamals.de\/index.php?rest_route=\/wp\/v2\/pages\/5658"}],"collection":[{"href":"https:\/\/cafedamals.de\/index.php?rest_route=\/wp\/v2\/pages"}],"about":[{"href":"https:\/\/cafedamals.de\/index.php?rest_route=\/wp\/v2\/types\/page"}],"author":[{"embeddable":true,"href":"https:\/\/cafedamals.de\/index.php?rest_route=\/wp\/v2\/users\/1"}],"replies":[{"embeddable":true,"href":"https:\/\/cafedamals.de\/index.php?rest_route=%2Fwp%2Fv2%2Fcomments&post=5658"}],"version-history":[{"count":115,"href":"https:\/\/cafedamals.de\/index.php?rest_route=\/wp\/v2\/pages\/5658\/revisions"}],"predecessor-version":[{"id":5803,"href":"https:\/\/cafedamals.de\/index.php?rest_route=\/wp\/v2\/pages\/5658\/revisions\/5803"}],"up":[{"embeddable":true,"href":"https:\/\/cafedamals.de\/index.php?rest_route=\/wp\/v2\/pages\/28"}],"wp:attachment":[{"href":"https:\/\/cafedamals.de\/index.php?rest_route=%2Fwp%2Fv2%2Fmedia&parent=5658"}],"curies":[{"name":"wp","href":"https:\/\/api.w.org\/{rel}","templated":true}]}}