{"id":28,"date":"2017-06-21T11:53:02","date_gmt":"2017-06-21T11:53:02","guid":{"rendered":"http:\/\/arge-as.com\/?page_id=28"},"modified":"2021-06-02T06:57:55","modified_gmt":"2021-06-02T06:57:55","slug":"home","status":"publish","type":"page","link":"https:\/\/cafedamals.de\/","title":{"rendered":"\u00dcBER UNS"},"content":{"rendered":"<div class=\"divider one\">&nbsp;<\/div>\n<div  class=\"one\" style=\"padding: 70px 0 70px 0 !important;position:relative;padding:45px 0 45px 0;\" >\n<div class=\"standard_wrapper\">\n<div class=\"page_content_wrapper\">\n<div class=\"inner\">\n<div class=\"one_half parallax_scroll_image\" style=\"width:80%;\">\n<div class=\"image_classic_frame expand\">\n<div class=\"image_wrapper\"><a href=\"http:\/\/cafedamals.de\/wp-content\/uploads\/2017\/06\/Damals_Preview_021-1-e1506321253524.jpg\" class=\"img_frame\"><img decoding=\"async\" src=\"http:\/\/cafedamals.de\/wp-content\/uploads\/2017\/06\/Damals_Preview_021-1-e1506321253524.jpg\" class=\"portfolio_img\" alt=\"\"\/><\/a><\/div>\n<\/div>\n<\/div>\n<div class=\"one_half last parallax_scroll\" style=\"width:40%;position:absolute;right:90px;padding:45px;background:#ffffff;\" data-stellar-ratio=\"1.3\">\n<h2 class=\"ppb_title\" ><span class=\"ppb_title_first\" >Wir<\/span>\u00dcber Uns<\/h2>\n<div class=\"ppb_subtitle\" >Eine genussvolle Zeitreise<\/div>\n<div class=\"page_header_sep left\" ><\/div>\n<\/p>\n<p style=\"text-align: justify;\"><span style=\"color: #1d2129;\">Hausgemachte <strong>Kuchen <\/strong>und <strong>Torten <\/strong>aus unserer Region sowie k\u00f6stliche <strong>Fr\u00fchst\u00fccksvariationen<\/strong>.<\/span><br style=\"color: #1d2129;\" \/><span style=\"color: #1d2129;\">Dazu feine <strong>Kaffee-Spezialit\u00e4ten<\/strong>, handgefiltert und liebevoll serviert. Genie\u00dfen Sie Kaffee, Cocktails und ausgesuchte Speisen in gem\u00fctlicher Wohnzimmer-Atmosph\u00e4re, im Au\u00dfenbereich vor dem Caf\u00e9 oder auf unserer Terrasse im Hof.<\/span><\/p>\n<p><a class=\"button\" href=\"http:\/\/cafedamals.de\/?page_id=747\/\">Unsere Philosophie<\/a><\/div>\n<p><br class=\"clear\"\/><\/div>\n<\/div>\n<\/div>\n<\/div>\n","protected":false},"excerpt":{"rendered":"<p>&nbsp; Wir\u00dcber Uns Eine genussvolle Zeitreise Hausgemachte Kuchen und Torten aus unserer Region sowie k\u00f6stliche Fr\u00fchst\u00fccksvariationen.Dazu feine Kaffee-Spezialit\u00e4ten, handgefiltert und liebevoll serviert. Genie\u00dfen Sie Kaffee, Cocktails und ausgesuchte Speisen in gem\u00fctlicher Wohnzimmer-Atmosph\u00e4re, im Au\u00dfenbereich vor dem Caf\u00e9 oder auf unserer [&hellip;]<\/p>\n","protected":false},"author":1,"featured_media":0,"parent":0,"menu_order":0,"comment_status":"closed","ping_status":"closed","template":"","meta":{"footnotes":""},"class_list":["post-28","page","type-page","status-publish","hentry"],"_links":{"self":[{"href":"https:\/\/cafedamals.de\/index.php?rest_route=\/wp\/v2\/pages\/28"}],"collection":[{"href":"https:\/\/cafedamals.de\/index.php?rest_route=\/wp\/v2\/pages"}],"about":[{"href":"https:\/\/cafedamals.de\/index.php?rest_route=\/wp\/v2\/types\/page"}],"author":[{"embeddable":true,"href":"https:\/\/cafedamals.de\/index.php?rest_route=\/wp\/v2\/users\/1"}],"replies":[{"embeddable":true,"href":"https:\/\/cafedamals.de\/index.php?rest_route=%2Fwp%2Fv2%2Fcomments&post=28"}],"version-history":[{"count":158,"href":"https:\/\/cafedamals.de\/index.php?rest_route=\/wp\/v2\/pages\/28\/revisions"}],"predecessor-version":[{"id":6048,"href":"https:\/\/cafedamals.de\/index.php?rest_route=\/wp\/v2\/pages\/28\/revisions\/6048"}],"wp:attachment":[{"href":"https:\/\/cafedamals.de\/index.php?rest_route=%2Fwp%2Fv2%2Fmedia&parent=28"}],"curies":[{"name":"wp","href":"https:\/\/api.w.org\/{rel}","templated":true}]}}